{"id":2751,"date":"2025-06-25T13:54:09","date_gmt":"2025-06-25T13:54:09","guid":{"rendered":"https:\/\/elcentrousa.com\/?page_id=2751"},"modified":"2025-06-26T08:56:59","modified_gmt":"2025-06-26T08:56:59","slug":"aplicacion-movil","status":"publish","type":"page","link":"https:\/\/elcentrousa.com\/en\/aplicacion-movil\/","title":{"rendered":"Mobile Application"},"content":{"rendered":"<div data-elementor-type=\"wp-page\" data-elementor-id=\"2751\" class=\"elementor elementor-2751\" data-elementor-post-type=\"page\">\n\t\t\t\t\t\t<section class=\"elementor-section elementor-top-section elementor-element elementor-element-0ed5852 elementor-section-height-min-height elementor-section-boxed elementor-section-height-default elementor-section-items-middle\" data-id=\"0ed5852\" data-element_type=\"section\" data-e-type=\"section\" data-settings=\"{&quot;background_background&quot;:&quot;classic&quot;}\">\n\t\t\t\t\t\t\t<div class=\"elementor-background-overlay\"><\/div>\n\t\t\t\t\t\t\t<div class=\"elementor-container elementor-column-gap-default\">\n\t\t\t\t\t<div class=\"elementor-column elementor-col-100 elementor-top-column elementor-element elementor-element-b61fe43\" data-id=\"b61fe43\" data-element_type=\"column\" data-e-type=\"column\">\n\t\t\t<div class=\"elementor-widget-wrap elementor-element-populated\">\n\t\t\t\t\t\t<div class=\"elementor-element elementor-element-459a3bf elementor-widget elementor-widget-heading\" data-id=\"459a3bf\" data-element_type=\"widget\" data-e-type=\"widget\" data-widget_type=\"heading.default\">\n\t\t\t\t<div class=\"elementor-widget-container\">\n\t\t\t\t\t<h1 class=\"elementor-heading-title elementor-size-default\">Mobile Application<\/h1>\t\t\t\t<\/div>\n\t\t\t\t<\/div>\n\t\t\t\t\t<\/div>\n\t\t<\/div>\n\t\t\t\t\t<\/div>\n\t\t<\/section>\n\t\t\t\t<section class=\"elementor-section elementor-top-section elementor-element elementor-element-d55e359 elementor-section-boxed elementor-section-height-default elementor-section-height-default\" data-id=\"d55e359\" data-element_type=\"section\" data-e-type=\"section\">\n\t\t\t\t\t\t<div class=\"elementor-container elementor-column-gap-default\">\n\t\t\t\t\t<div class=\"elementor-column elementor-col-100 elementor-top-column elementor-element elementor-element-6d39e08\" data-id=\"6d39e08\" data-element_type=\"column\" data-e-type=\"column\">\n\t\t\t<div class=\"elementor-widget-wrap elementor-element-populated\">\n\t\t\t\t\t\t<div class=\"elementor-element elementor-element-188b1d2 elementor-widget elementor-widget-text-editor\" data-id=\"188b1d2\" data-element_type=\"widget\" data-e-type=\"widget\" data-widget_type=\"text-editor.default\">\n\t\t\t\t<div class=\"elementor-widget-container\">\n\t\t\t\t\t\t\t\t\t<p>Acceso 24\/7 a todo lo que necesita con nuestra app.<\/p>\t\t\t\t\t\t\t\t<\/div>\n\t\t\t\t<\/div>\n\t\t\t\t<div class=\"elementor-element elementor-element-c98c05a elementor-widget elementor-widget-html\" data-id=\"c98c05a\" data-element_type=\"widget\" data-e-type=\"widget\" id=\"es_video\" data-widget_type=\"html.default\">\n\t\t\t\t<div class=\"elementor-widget-container\">\n\t\t\t\t\t<div class=\"iframe_block\"><iframe src=\"https:\/\/player.vimeo.com\/video\/1087483342?h=0e11797493&amp;badge=0&amp;autopause=0&amp;player_id=0&amp;app_id=58479\" width=\"3840\" height=\"2160\" frameborder=\"0\" allow=\"autoplay; fullscreen; picture-in-picture; clipboard-write; encrypted-media\" title=\"El Centro - Mobile App Intro en Espa\u00f1ol\"><\/iframe><\/div>\t\t\t\t<\/div>\n\t\t\t\t<\/div>\n\t\t\t\t<div class=\"elementor-element elementor-element-66113ea elementor-widget elementor-widget-html\" data-id=\"66113ea\" data-element_type=\"widget\" data-e-type=\"widget\" id=\"en_video\" data-widget_type=\"html.default\">\n\t\t\t\t<div class=\"elementor-widget-container\">\n\t\t\t\t\t<div class=\"iframe_block\"><iframe src=\"https:\/\/player.vimeo.com\/video\/1087482513?h=b790e40181&amp;badge=0&amp;autopause=0&amp;player_id=0&amp;app_id=58479 \" width=\"3840\" height=\"2160\" frameborder=\"0\" allow=\"autoplay; fullscreen; picture-in-picture; clipboard-write; encrypted-media\" title=\"El Centro - Mobile App Intro\"><\/iframe><\/div>\t\t\t\t<\/div>\n\t\t\t\t<\/div>\n\t\t\t\t\t<\/div>\n\t\t<\/div>\n\t\t\t\t\t<\/div>\n\t\t<\/section>\n\t\t\t\t<\/div>","protected":false},"excerpt":{"rendered":"<p>Aplicaci\u00f3n m\u00f3vil Acceso 24\/7 a todo lo que necesita con nuestra app.<\/p>","protected":false},"author":6,"featured_media":0,"parent":0,"menu_order":0,"comment_status":"closed","ping_status":"closed","template":"","meta":{"footnotes":""},"class_list":["post-2751","page","type-page","status-publish","hentry"],"yoast_head":"<!-- This site is optimized with the Yoast SEO plugin v27.6 - https:\/\/yoast.com\/product\/yoast-seo-wordpress\/ -->\n<title>Aplicaci\u00f3n m\u00f3vil - El Centro<\/title>\n<meta name=\"robots\" content=\"index, follow, max-snippet:-1, max-image-preview:large, max-video-preview:-1\" \/>\n<link rel=\"canonical\" href=\"https:\/\/elcentrousa.com\/en\/aplicacion-movil\/\" \/>\n<meta property=\"og:locale\" content=\"en_US\" \/>\n<meta property=\"og:type\" content=\"article\" \/>\n<meta property=\"og:title\" content=\"Aplicaci\u00f3n m\u00f3vil - El Centro\" \/>\n<meta property=\"og:description\" content=\"Aplicaci\u00f3n m\u00f3vil Acceso 24\/7 a todo lo que necesita con nuestra app.\" \/>\n<meta property=\"og:url\" content=\"https:\/\/elcentrousa.com\/en\/aplicacion-movil\/\" \/>\n<meta property=\"og:site_name\" content=\"El Centro\" \/>\n<meta property=\"article:modified_time\" content=\"2025-06-26T08:56:59+00:00\" \/>\n<meta name=\"twitter:card\" content=\"summary_large_image\" \/>\n<script type=\"application\/ld+json\" class=\"yoast-schema-graph\">{\"@context\":\"https:\\\/\\\/schema.org\",\"@graph\":[{\"@type\":\"WebPage\",\"@id\":\"https:\\\/\\\/elcentrousa.com\\\/es\\\/aplicacion-movil\\\/\",\"url\":\"https:\\\/\\\/elcentrousa.com\\\/es\\\/aplicacion-movil\\\/\",\"name\":\"Aplicaci\u00f3n m\u00f3vil - El Centro\",\"isPartOf\":{\"@id\":\"https:\\\/\\\/elcentrousa.com\\\/en\\\/#website\"},\"datePublished\":\"2025-06-25T13:54:09+00:00\",\"dateModified\":\"2025-06-26T08:56:59+00:00\",\"breadcrumb\":{\"@id\":\"https:\\\/\\\/elcentrousa.com\\\/es\\\/aplicacion-movil\\\/#breadcrumb\"},\"inLanguage\":\"en-US\",\"potentialAction\":[{\"@type\":\"ReadAction\",\"target\":[\"https:\\\/\\\/elcentrousa.com\\\/es\\\/aplicacion-movil\\\/\"]}]},{\"@type\":\"BreadcrumbList\",\"@id\":\"https:\\\/\\\/elcentrousa.com\\\/es\\\/aplicacion-movil\\\/#breadcrumb\",\"itemListElement\":[{\"@type\":\"ListItem\",\"position\":1,\"name\":\"Home\",\"item\":\"https:\\\/\\\/elcentrousa.com\\\/\"},{\"@type\":\"ListItem\",\"position\":2,\"name\":\"Aplicaci\u00f3n m\u00f3vil\"}]},{\"@type\":\"WebSite\",\"@id\":\"https:\\\/\\\/elcentrousa.com\\\/en\\\/#website\",\"url\":\"https:\\\/\\\/elcentrousa.com\\\/en\\\/\",\"name\":\"El Centro\",\"description\":\"Nampa Idaho Insurance Agency\",\"potentialAction\":[{\"@type\":\"SearchAction\",\"target\":{\"@type\":\"EntryPoint\",\"urlTemplate\":\"https:\\\/\\\/elcentrousa.com\\\/en\\\/?s={search_term_string}\"},\"query-input\":{\"@type\":\"PropertyValueSpecification\",\"valueRequired\":true,\"valueName\":\"search_term_string\"}}],\"inLanguage\":\"en-US\"}]}<\/script>\n<!-- \/ Yoast SEO plugin. -->","yoast_head_json":{"title":"Aplicaci\u00f3n m\u00f3vil - El Centro","robots":{"index":"index","follow":"follow","max-snippet":"max-snippet:-1","max-image-preview":"max-image-preview:large","max-video-preview":"max-video-preview:-1"},"canonical":"https:\/\/elcentrousa.com\/en\/aplicacion-movil\/","og_locale":"en_US","og_type":"article","og_title":"Aplicaci\u00f3n m\u00f3vil - El Centro","og_description":"Aplicaci\u00f3n m\u00f3vil Acceso 24\/7 a todo lo que necesita con nuestra app.","og_url":"https:\/\/elcentrousa.com\/en\/aplicacion-movil\/","og_site_name":"El Centro","article_modified_time":"2025-06-26T08:56:59+00:00","twitter_card":"summary_large_image","schema":{"@context":"https:\/\/schema.org","@graph":[{"@type":"WebPage","@id":"https:\/\/elcentrousa.com\/es\/aplicacion-movil\/","url":"https:\/\/elcentrousa.com\/es\/aplicacion-movil\/","name":"Aplicaci\u00f3n m\u00f3vil - El Centro","isPartOf":{"@id":"https:\/\/elcentrousa.com\/en\/#website"},"datePublished":"2025-06-25T13:54:09+00:00","dateModified":"2025-06-26T08:56:59+00:00","breadcrumb":{"@id":"https:\/\/elcentrousa.com\/es\/aplicacion-movil\/#breadcrumb"},"inLanguage":"en-US","potentialAction":[{"@type":"ReadAction","target":["https:\/\/elcentrousa.com\/es\/aplicacion-movil\/"]}]},{"@type":"BreadcrumbList","@id":"https:\/\/elcentrousa.com\/es\/aplicacion-movil\/#breadcrumb","itemListElement":[{"@type":"ListItem","position":1,"name":"Home","item":"https:\/\/elcentrousa.com\/"},{"@type":"ListItem","position":2,"name":"Aplicaci\u00f3n m\u00f3vil"}]},{"@type":"WebSite","@id":"https:\/\/elcentrousa.com\/en\/#website","url":"https:\/\/elcentrousa.com\/en\/","name":"El Centro","description":"Nampa Idaho Insurance Agency","potentialAction":[{"@type":"SearchAction","target":{"@type":"EntryPoint","urlTemplate":"https:\/\/elcentrousa.com\/en\/?s={search_term_string}"},"query-input":{"@type":"PropertyValueSpecification","valueRequired":true,"valueName":"search_term_string"}}],"inLanguage":"en-US"}]}},"_links":{"self":[{"href":"https:\/\/elcentrousa.com\/en\/wp-json\/wp\/v2\/pages\/2751","targetHints":{"allow":["GET"]}}],"collection":[{"href":"https:\/\/elcentrousa.com\/en\/wp-json\/wp\/v2\/pages"}],"about":[{"href":"https:\/\/elcentrousa.com\/en\/wp-json\/wp\/v2\/types\/page"}],"author":[{"embeddable":true,"href":"https:\/\/elcentrousa.com\/en\/wp-json\/wp\/v2\/users\/6"}],"replies":[{"embeddable":true,"href":"https:\/\/elcentrousa.com\/en\/wp-json\/wp\/v2\/comments?post=2751"}],"version-history":[{"count":24,"href":"https:\/\/elcentrousa.com\/en\/wp-json\/wp\/v2\/pages\/2751\/revisions"}],"predecessor-version":[{"id":2785,"href":"https:\/\/elcentrousa.com\/en\/wp-json\/wp\/v2\/pages\/2751\/revisions\/2785"}],"wp:attachment":[{"href":"https:\/\/elcentrousa.com\/en\/wp-json\/wp\/v2\/media?parent=2751"}],"curies":[{"name":"wp","href":"https:\/\/api.w.org\/{rel}","templated":true}]}}